{"id":74,"date":"2018-02-28T20:26:32","date_gmt":"2018-02-28T23:26:32","guid":{"rendered":"http:\/\/alce.letras.ufmg.br\/site\/?page_id=74"},"modified":"2022-11-18T20:38:28","modified_gmt":"2022-11-18T23:38:28","slug":"contato","status":"publish","type":"page","link":"http:\/\/alce.letras.ufmg.br\/site\/contato\/","title":{"rendered":"CONTATO"},"content":{"rendered":"<div id=\"pageintro\" class=\"box mod_introbox\">\n<div class=\"no-overflow\">\n<p>FALE COM O ALCE<\/p>\n<div role=\"form\" class=\"wpcf7\" id=\"wpcf7-f268-o1\" lang=\"pt-BR\" dir=\"ltr\">\n<div class=\"screen-reader-response\"><p role=\"status\" aria-live=\"polite\" aria-atomic=\"true\"><\/p> <ul><\/ul><\/div>\n<form action=\"\/site\/wp-json\/wp\/v2\/pages\/74#wpcf7-f268-o1\" method=\"post\" class=\"wpcf7-form init\" novalidate=\"novalidate\" data-status=\"init\">\n<div style=\"display: none;\">\n<input type=\"hidden\" name=\"_wpcf7\" value=\"268\" \/>\n<input type=\"hidden\" name=\"_wpcf7_version\" value=\"5.6.4\" \/>\n<input type=\"hidden\" name=\"_wpcf7_locale\" value=\"pt_BR\" \/>\n<input type=\"hidden\" name=\"_wpcf7_unit_tag\" value=\"wpcf7-f268-o1\" \/>\n<input type=\"hidden\" name=\"_wpcf7_container_post\" value=\"0\" \/>\n<input type=\"hidden\" name=\"_wpcf7_posted_data_hash\" value=\"\" \/>\n<\/div>\n<p><label> NOME<br \/>\n    <span class=\"wpcf7-form-control-wrap\" data-name=\"your-name\"><input type=\"text\" name=\"your-name\" value=\"\" size=\"40\" class=\"wpcf7-form-control wpcf7-text wpcf7-validates-as-required\" aria-required=\"true\" aria-invalid=\"false\" \/><\/span> <\/label><\/p>\n<p><label> E-MAIL<br \/>\n    <span class=\"wpcf7-form-control-wrap\" data-name=\"your-email\"><input type=\"email\" name=\"your-email\" value=\"\" size=\"40\" class=\"wpcf7-form-control wpcf7-text wpcf7-email wpcf7-validates-as-required wpcf7-validates-as-email\" aria-required=\"true\" aria-invalid=\"false\" \/><\/span> <\/label><\/p>\n<p><label> ASSUNTO<br \/>\n    <span class=\"wpcf7-form-control-wrap\" data-name=\"your-subject\"><input type=\"text\" name=\"your-subject\" value=\"\" size=\"40\" class=\"wpcf7-form-control wpcf7-text\" aria-invalid=\"false\" \/><\/span> <\/label><\/p>\n<p><label> PODE FALAR \ud83d\ude42<br \/>\n    <span class=\"wpcf7-form-control-wrap\" data-name=\"your-message\"><textarea name=\"your-message\" cols=\"40\" rows=\"10\" class=\"wpcf7-form-control wpcf7-textarea\" aria-invalid=\"false\"><\/textarea><\/span> <\/label><\/p>\n<p><input type=\"submit\" value=\"Enviar\" class=\"wpcf7-form-control has-spinner wpcf7-submit\" \/><\/p>\n<p style=\"display: none !important;\"><label>&#916;<textarea name=\"_wpcf7_ak_hp_textarea\" cols=\"45\" rows=\"8\" maxlength=\"100\"><\/textarea><\/label><input type=\"hidden\" id=\"ak_js_1\" name=\"_wpcf7_ak_js\" value=\"167\"\/><script>document.getElementById( \"ak_js_1\" ).setAttribute( \"value\", ( new Date() ).getTime() );<\/script><\/p><div class=\"wpcf7-response-output\" aria-hidden=\"true\"><\/div><\/form><\/div>\n<\/div>\n<div class=\"no-overflow\">\n<p>A\u00a0 Equipe do ALCE n\u00e3o conta com total disponibilidade de hor\u00e1rios para atendimento, at\u00e9 porque seria imposs\u00edvel encontrar hor\u00e1rios que valessem para os mais de 2500 de n\u00f3s, por isso dispomos da op\u00e7\u00e3o de <strong>marca\u00e7\u00e3o de hor\u00e1rios, presenciais ou\u00a0 on-line, para dar suporte em quest\u00f5es espec\u00edficas<\/strong>:<\/p>\n<\/div>\n<\/div>\n<div id=\"yui_3_17_2_1_1520886116769_70\" class=\"box generalbox center clearfix\">\n<div id=\"yui_3_17_2_1_1520886116769_69\" class=\"no-overflow\">\n<ul>\n<li>do ALCE<\/li>\n<li>do Moodle da UFMG<\/li>\n<li>sobre habilidades digitais em geral<\/li>\n<\/ul>\n<p>Para marcar um hor\u00e1rio, pra voc\u00ea ou para um grupo, informe-nos os poss\u00edveis hor\u00e1rios (pelo menos 3, quanto mais, melhor) em que pode ser atendido.<\/p>\n<p><span style=\"color: #ff6600;\">Sua solicita\u00e7\u00e3o pode demorar at\u00e9\u00a0 48 horas \u00fateis para ser atendida.<\/span><\/p>\n<ul id=\"yui_3_17_2_1_1521833274683_73\">\n<li id=\"yui_3_17_2_1_1521833274683_72\">OBS: Considere tamb\u00e9m a possibilidade de participar das\u00a0<a title=\"OFICINAS DO ALCE\" href=\"http:\/\/alce.letras.ufmg.br\/site\/oficinas\/\" target=\"_blank\" rel=\"noopener noreferrer\">OFICINAS<\/a>\u00a0com a Equipe.<\/li>\n<\/ul>\n<p>OUTROS CANAIS:<\/p>\n<p>Al\u00e9m disso, voc\u00ea pode entrar em contato conosco por mais <strong>tr\u00eas canais<\/strong>:<\/p>\n<ol>\n<li>Pelo perfil no <strong>Instagram:<\/strong> <a href=\"https:\/\/instagram.com\/alce_ufmg?igshid=YmMyMTA2M2Y=\">@alce_ufmg<\/a><\/li>\n<li>Pelo <strong>e-mail<\/strong>: <a href=\"mailto:alce.ufmg@gmail.com\">alce.ufmg@gmail.com<\/a><\/li>\n<li>Pela plataforma <strong><em>moodle<\/em><\/strong>: V\u00e1 em &#8220;Minhas Turmas&#8221; &gt; &#8220;Colegiados\/Turmas adicionais&#8221; &gt; &#8220;ALCE &#8211; Ambiente Livre e Colaborativo do Estudante &#8211; FALE&#8221;<\/li>\n<\/ol>\n<\/div>\n<\/div>\n\n\n<figure class=\"wp-block-image size-full\"><img decoding=\"async\" loading=\"lazy\" width=\"1015\" height=\"400\" src=\"http:\/\/alce.letras.ufmg.br\/site\/wp-content\/uploads\/2021\/10\/7b6b6b0c-cee5-4a11-86e3-5d5389ad20d9.jpg\" alt=\"\" class=\"wp-image-1648\" srcset=\"http:\/\/alce.letras.ufmg.br\/site\/wp-content\/uploads\/2021\/10\/7b6b6b0c-cee5-4a11-86e3-5d5389ad20d9.jpg 1015w, http:\/\/alce.letras.ufmg.br\/site\/wp-content\/uploads\/2021\/10\/7b6b6b0c-cee5-4a11-86e3-5d5389ad20d9-300x118.jpg 300w, http:\/\/alce.letras.ufmg.br\/site\/wp-content\/uploads\/2021\/10\/7b6b6b0c-cee5-4a11-86e3-5d5389ad20d9-768x303.jpg 768w\" sizes=\"(max-width: 1015px) 100vw, 1015px\" \/><\/figure>\n","protected":false},"excerpt":{"rendered":"<p>FALE COM O ALCE A\u00a0 Equipe do ALCE n\u00e3o conta com total disponibilidade de hor\u00e1rios para atendimento, at\u00e9 porque seria imposs\u00edvel encontrar hor\u00e1rios que valessem para os mais de 2500 de n\u00f3s, por isso dispomos da op\u00e7\u00e3o de marca\u00e7\u00e3o de hor\u00e1rios, presenciais ou\u00a0 on-line, para dar suporte em quest\u00f5es espec\u00edficas:<a class=\"moretag\" href=\"http:\/\/alce.letras.ufmg.br\/site\/contato\/\"> Continue a ler<\/a><\/p>\n","protected":false},"author":12,"featured_media":0,"parent":0,"menu_order":0,"comment_status":"closed","ping_status":"closed","template":"","meta":[],"_links":{"self":[{"href":"http:\/\/alce.letras.ufmg.br\/site\/wp-json\/wp\/v2\/pages\/74"}],"collection":[{"href":"http:\/\/alce.letras.ufmg.br\/site\/wp-json\/wp\/v2\/pages"}],"about":[{"href":"http:\/\/alce.letras.ufmg.br\/site\/wp-json\/wp\/v2\/types\/page"}],"author":[{"embeddable":true,"href":"http:\/\/alce.letras.ufmg.br\/site\/wp-json\/wp\/v2\/users\/12"}],"replies":[{"embeddable":true,"href":"http:\/\/alce.letras.ufmg.br\/site\/wp-json\/wp\/v2\/comments?post=74"}],"version-history":[{"count":16,"href":"http:\/\/alce.letras.ufmg.br\/site\/wp-json\/wp\/v2\/pages\/74\/revisions"}],"predecessor-version":[{"id":1690,"href":"http:\/\/alce.letras.ufmg.br\/site\/wp-json\/wp\/v2\/pages\/74\/revisions\/1690"}],"wp:attachment":[{"href":"http:\/\/alce.letras.ufmg.br\/site\/wp-json\/wp\/v2\/media?parent=74"}],"curies":[{"name":"wp","href":"https:\/\/api.w.org\/{rel}","templated":true}]}}