{"id":1584,"date":"2021-10-08T16:31:17","date_gmt":"2021-10-08T19:31:17","guid":{"rendered":"http:\/\/alce.letras.ufmg.br\/site\/?page_id=1584"},"modified":"2022-11-20T14:56:10","modified_gmt":"2022-11-20T17:56:10","slug":"happy-hour-do-alce","status":"publish","type":"page","link":"http:\/\/alce.letras.ufmg.br\/site\/happy-hour-do-alce\/","title":{"rendered":"Happy Hour do ALCE"},"content":{"rendered":"\n<div class=\"wp-block-themeisle-blocks-advanced-columns has-2-columns has-desktop-equal-layout has-tablet-equal-layout has-mobile-collapsedRows-layout has-default-gap has-vertical-unset\" id=\"wp-block-themeisle-blocks-advanced-columns-c1363877\"><div class=\"wp-block-themeisle-blocks-advanced-columns-overlay\"><\/div><div class=\"innerblocks-wrap\">\n<div class=\"wp-block-themeisle-blocks-advanced-column\" id=\"wp-block-themeisle-blocks-advanced-column-dc4cc463\">\n<p>Com o intuito de gerar mais proximidade entre os alunos em um contexto fora das salas de aula, em todas as \u00faltimas sextas-feiras do m\u00eas nos reunimos para um momento de divers\u00e3o com jogos on-line.<\/p>\n<div class=\"wp-block-themeisle-blocks-advanced-column\" id=\"wp-block-themeisle-blocks-advanced-column-1335ff42\">\n<figure class=\"wp-block-image size-large\"><img decoding=\"async\" src=\"http:\/\/alce.letras.ufmg.br\/site\/wp-content\/uploads\/2022\/11\/HappyHour.jpeg\" alt=\"\" class=\"wp-image-1585\"\/><\/figure>\n<\/div>\n<\/div><\/div>\n","protected":false},"excerpt":{"rendered":"<p>Com o intuito de gerar mais proximidade entre os alunos em um contexto fora das salas de aula, em todas as \u00faltimas sextas-feiras do m\u00eas nos reunimos para um momento de divers\u00e3o com jogos on-line.<\/p>\n","protected":false},"author":12,"featured_media":0,"parent":0,"menu_order":0,"comment_status":"closed","ping_status":"closed","template":"","meta":[],"_links":{"self":[{"href":"http:\/\/alce.letras.ufmg.br\/site\/wp-json\/wp\/v2\/pages\/1584"}],"collection":[{"href":"http:\/\/alce.letras.ufmg.br\/site\/wp-json\/wp\/v2\/pages"}],"about":[{"href":"http:\/\/alce.letras.ufmg.br\/site\/wp-json\/wp\/v2\/types\/page"}],"author":[{"embeddable":true,"href":"http:\/\/alce.letras.ufmg.br\/site\/wp-json\/wp\/v2\/users\/12"}],"replies":[{"embeddable":true,"href":"http:\/\/alce.letras.ufmg.br\/site\/wp-json\/wp\/v2\/comments?post=1584"}],"version-history":[{"count":6,"href":"http:\/\/alce.letras.ufmg.br\/site\/wp-json\/wp\/v2\/pages\/1584\/revisions"}],"predecessor-version":[{"id":1709,"href":"http:\/\/alce.letras.ufmg.br\/site\/wp-json\/wp\/v2\/pages\/1584\/revisions\/1709"}],"wp:attachment":[{"href":"http:\/\/alce.letras.ufmg.br\/site\/wp-json\/wp\/v2\/media?parent=1584"}],"curies":[{"name":"wp","href":"https:\/\/api.w.org\/{rel}","templated":true}]}}