{"id":115,"date":"2018-03-02T00:07:02","date_gmt":"2018-03-02T03:07:02","guid":{"rendered":"http:\/\/alce.letras.ufmg.br\/site\/?page_id=115"},"modified":"2022-11-12T17:16:36","modified_gmt":"2022-11-12T20:16:36","slug":"oficinas","status":"publish","type":"page","link":"http:\/\/alce.letras.ufmg.br\/site\/oficinas\/","title":{"rendered":"OFICINAS"},"content":{"rendered":"<p align=\"justify\"><span style=\"font-family: 'Times New Roman', Times; font-size: 14pt; color: #000000;\">As oficinas oferecidas pelo ALCE t\u00eam como principal objetivo instruir alunos da gradua\u00e7\u00e3o (calouros ou veteranos) nas mais diversas pr\u00e1ticas de uso da tecnologia como suporte acad\u00eamico. Na UFMG, os recursos tecnol\u00f3gicos est\u00e3o presentes em quase todas as pr\u00e1ticas, o que torna indispens\u00e1vel o letramento digital no cotidiano dos docentes e discentes.<\/span><\/p>\n<p align=\"justify\">\n<p align=\"justify\"><span style=\"font-size: 14pt; color: #000000; font-family: 'Times New Roman', Times;\">Oficinas atualmente ministradas pelo ALCE:<\/span><\/p>\n<ul>\n<li><span style=\"color: #000000;\"><strong><span style=\"font-family: 'Times New Roman', Times; font-size: 14pt;\">Minicurso &#8220;No<\/span><\/strong><strong><span style=\"font-family: 'Times New Roman', Times; font-size: 14pt;\">rmas da ABNT&#8221;<\/span><\/strong><\/span><\/li>\n<li><span style=\"font-size: 14pt;\"><strong><span style=\"font-family: 'Times New Roman', Times; color: #000000;\">Desvendando o <em>Moodle<\/em><\/span><\/strong><\/span><\/li>\n<\/ul>\n<ul><\/ul>\n<p><span style=\"color: #339966;\">Voc\u00ea tem alguma ideia para outra oficina? <\/span><\/p>\n<p><span style=\"color: #339966;\">Entre em contato conosco!<\/span><\/p>\n<p><span style=\"color: #000000;\">Instagram: @alce_ufmg<\/span><\/p>\n<p><span style=\"color: #000000;\">E-mail: alce.ufmg@gmail.com<\/span><\/p>\n<p align=\"justify\">\n<p align=\"justify\">\n","protected":false},"excerpt":{"rendered":"<p>As oficinas oferecidas pelo ALCE t\u00eam como principal objetivo instruir alunos da gradua\u00e7\u00e3o (calouros ou veteranos) nas mais diversas pr\u00e1ticas de uso da tecnologia como suporte acad\u00eamico. Na UFMG, os recursos tecnol\u00f3gicos est\u00e3o presentes em quase todas as pr\u00e1ticas, o que torna indispens\u00e1vel o letramento digital no cotidiano dos docentes<a class=\"moretag\" href=\"http:\/\/alce.letras.ufmg.br\/site\/oficinas\/\"> Continue a ler<\/a><\/p>\n","protected":false},"author":12,"featured_media":0,"parent":0,"menu_order":0,"comment_status":"closed","ping_status":"closed","template":"","meta":[],"_links":{"self":[{"href":"http:\/\/alce.letras.ufmg.br\/site\/wp-json\/wp\/v2\/pages\/115"}],"collection":[{"href":"http:\/\/alce.letras.ufmg.br\/site\/wp-json\/wp\/v2\/pages"}],"about":[{"href":"http:\/\/alce.letras.ufmg.br\/site\/wp-json\/wp\/v2\/types\/page"}],"author":[{"embeddable":true,"href":"http:\/\/alce.letras.ufmg.br\/site\/wp-json\/wp\/v2\/users\/12"}],"replies":[{"embeddable":true,"href":"http:\/\/alce.letras.ufmg.br\/site\/wp-json\/wp\/v2\/comments?post=115"}],"version-history":[{"count":24,"href":"http:\/\/alce.letras.ufmg.br\/site\/wp-json\/wp\/v2\/pages\/115\/revisions"}],"predecessor-version":[{"id":1667,"href":"http:\/\/alce.letras.ufmg.br\/site\/wp-json\/wp\/v2\/pages\/115\/revisions\/1667"}],"wp:attachment":[{"href":"http:\/\/alce.letras.ufmg.br\/site\/wp-json\/wp\/v2\/media?parent=115"}],"curies":[{"name":"wp","href":"https:\/\/api.w.org\/{rel}","templated":true}]}}